{"id":95,"date":"2026-04-02T19:58:58","date_gmt":"2026-04-02T17:58:58","guid":{"rendered":"https:\/\/epgaecuador.com\/?page_id=95"},"modified":"2026-04-02T20:10:26","modified_gmt":"2026-04-02T18:10:26","slug":"peluqueria-canina-integral","status":"publish","type":"page","link":"https:\/\/epgaecuador.com\/index.php\/peluqueria-canina-integral\/","title":{"rendered":"Peluquer\u00eda Canina Integral"},"content":{"rendered":"\n<p>Convi\u00e9rtete en un peluquero canino profesional y aprende desde cero todas las t\u00e9cnicas necesarias para brindar<br>un servicio \u00e9tico, seguro y de calidad.<\/p>\n\n\n\n<p>Info<\/p>\n\n\n\n<figure class=\"wp-block-pullquote\"><blockquote><p><\/p><\/blockquote><\/figure>\n\n\n","protected":false},"excerpt":{"rendered":"<p>Convi\u00e9rtete en un peluquero canino profesional y aprende desde cero todas las t\u00e9cnicas necesarias para brindarun servicio \u00e9tico, seguro y de calidad. Info<\/p>\n","protected":false},"author":1,"featured_media":0,"parent":0,"menu_order":0,"comment_status":"closed","ping_status":"closed","template":"","meta":{"neve_meta_sidebar":"","neve_meta_container":"","neve_meta_enable_content_width":"","neve_meta_content_width":0,"neve_meta_title_alignment":"","neve_meta_author_avatar":"","neve_post_elements_order":"","neve_meta_disable_header":"","neve_meta_disable_footer":"","neve_meta_disable_title":"","footnotes":""},"class_list":["post-95","page","type-page","status-publish","hentry"],"_links":{"self":[{"href":"https:\/\/epgaecuador.com\/index.php\/wp-json\/wp\/v2\/pages\/95","targetHints":{"allow":["GET"]}}],"collection":[{"href":"https:\/\/epgaecuador.com\/index.php\/wp-json\/wp\/v2\/pages"}],"about":[{"href":"https:\/\/epgaecuador.com\/index.php\/wp-json\/wp\/v2\/types\/page"}],"author":[{"embeddable":true,"href":"https:\/\/epgaecuador.com\/index.php\/wp-json\/wp\/v2\/users\/1"}],"replies":[{"embeddable":true,"href":"https:\/\/epgaecuador.com\/index.php\/wp-json\/wp\/v2\/comments?post=95"}],"version-history":[{"count":3,"href":"https:\/\/epgaecuador.com\/index.php\/wp-json\/wp\/v2\/pages\/95\/revisions"}],"predecessor-version":[{"id":102,"href":"https:\/\/epgaecuador.com\/index.php\/wp-json\/wp\/v2\/pages\/95\/revisions\/102"}],"wp:attachment":[{"href":"https:\/\/epgaecuador.com\/index.php\/wp-json\/wp\/v2\/media?parent=95"}],"curies":[{"name":"wp","href":"https:\/\/api.w.org\/{rel}","templated":true}]}}